{"id":876,"date":"2024-10-22T19:45:52","date_gmt":"2024-10-22T17:45:52","guid":{"rendered":"https:\/\/rvfilms.cat\/politica-de-cookies\/"},"modified":"2024-10-22T19:45:52","modified_gmt":"2024-10-22T17:45:52","slug":"politica-de-cookies","status":"publish","type":"page","link":"https:\/\/rvfilms.cat\/en\/politica-de-cookies\/","title":{"rendered":"Pol\u00edtica de Cookies"},"content":{"rendered":"\n<p>De conformitat amb el que s\u2019estableix en la Llei 34\/2002 de Serveis de la Societat de la Informaci\u00f3, informem que el lloc web https:\/\/rvfilms.cat , utilitza cookies. Les cookies s\u00f3n petits arxius de text del lloc web que, com a usuari que ho visita, podrien emmagatzemar a l\u2019ordinador o dispositiu. A continuaci\u00f3 procedim a detallar els diferents tipus de cookies que utilitza https:\/\/rvfilms.cat :<\/p>\n\n\n\n<p>(i) Cookies pr\u00f2pies: s\u00f3n aquelles que s\u2019envien a l\u2019equip terminal de l\u2019usuari des d\u2019un equip o domini gestionat pel propi editor i des del qual es presta el servei sol\u00b7licitat per l\u2019usuari.<\/p>\n\n\n\n<p>(a) Cookies de sessi\u00f3: Necess\u00e0ries per al correcte \u00fas de la p\u00e0gina web, la navegaci\u00f3 de manera ininterrompuda recordant opcions d\u2019idioma o pa\u00eds. S\u2019utilitzen per a identificar la mateixa sessi\u00f3 temporal d\u2019un usuari o sessi\u00f3 de navegaci\u00f3.<\/p>\n\n\n\n<p>(b) Cookies T\u00e8cniques: Emmagatzemen informaci\u00f3 gen\u00e8rica i an\u00f2nima que no inclou dades de car\u00e0cter personal l\u2019objectiu del qual \u00e9s garantir el funcionament de la web.<\/p>\n\n\n\n<p>(c) De registre: Es creen amb el registre d\u2019un usuari. S\u2019utilitzen per a identificar a l\u2019usuari una vegada s\u2019ha autenticat dins dels Llocs web.<\/p>\n\n\n\n<p>(ii) Cookies de tercers: https:\/\/rvfilms.cat pot contenir cookies de tercers orientades a oferir un millor servei que aquests tercers ofereixen. Un exemple d\u2019aquest \u00fas s\u00f3n els enlla\u00e7os a les xarxes socials que permeten compartir el contingut del lloc web.<\/p>\n\n\n\n<p>(a) Cookies anal\u00edtiques: s\u00f3n aquelles que, tractades per https:\/\/rvfilms.cat o per tercers, permeten quantificar el nombre de visitants i analitzar estad\u00edsticament la utilitzaci\u00f3 que fan els usuaris del portal web. La informaci\u00f3 recollida mitjan\u00e7ant aquesta mena de cookies s\u2019utilitza en el mesurament de l\u2019activitat del Lloc web i per a l\u2019elaboraci\u00f3 de perfils de navegaci\u00f3 anonimizados dels usuaris, amb la finalitat d\u2019introduir millores en funci\u00f3 de l\u2019an\u00e0lisi de les dades d\u2019\u00fas que fan els usuaris del servei:<\/p>\n\n\n\n<p>\u2022 Google Analitycs: https:\/\/www.google.com\/policies\/privacy\/<\/p>\n\n\n\n<p>(b) Cookies de xarxes socials:<\/p>\n\n\n\n<p>\u2022 Gravatar: El Gravatar \u00e9s una imatge de l\u2019usuari que li segueix de lloc web a lloc web, apareixent al costat del seu nom quan realitza accions com comentar en un blog o quan l\u2019usuari inicia sessi\u00f3 com a usuari registrat (log in) en el Lloc web. S\u2019emmagatzemen cookies per a gestionar les icones relacionades amb els perfils i usuaris d\u2019aquest servei: https:\/\/automattic.com\/privacy\/<\/p>\n\n\n\n<p>(c) Cookies de xarxes socials externes: s\u2019utilitzen perqu\u00e8 els visitants puguin interactuar amb el contingut de diferents plataformes socials (Facebook, YouTube, Twitter, LinkedIn, Instagram, etc.) i que es generen \u00fanicament per als usuaris d\u2019aquestes xarxes socials. Les condicions d\u2019utilitzaci\u00f3 d\u2019aquestes<br>cookies i la informaci\u00f3 recopilada es regulen per la pol\u00edtica de privacitat de la plataforma social corresponent.<br>\u2022 https:\/\/www.google.com\/intl\/es_es\/policies\/technologies\/types\/<br>\u2022 https:\/\/www.facebook.com\/help\/cookies\/<br>\u2022 https:\/\/www.instagram.com\/legal\/cookies\/<\/p>\n\n\n\n<p>Les concretes cookies utilitzades per aquest lloc web es detallen en el banner inicial de cookies.<\/p>\n\n\n\n<p>En el cas de voler modificar la configuraci\u00f3 de cookies del navegador, pot fer-ho mitjan\u00e7ant la configuraci\u00f3 de les opcions d\u2019aquest. Podr\u00e0 trobar informaci\u00f3 sobre com modificar les pol\u00edtiques de cookies dels diferents navegadors en els seg\u00fcents espais:<\/p>\n\n\n\n<p>(i) Per a Microsoft Internet Explorer: https:\/\/support.microsoft.com\/es-es\/help\/17442\/windows-internet-explorer-delete-manage-cookies<br>(ii) Per a Firefox: https:\/\/support.mozilla.org\/es\/kb\/habilitar-y-deshabilitar-cookies-que-los-sitios-we<br>(iii) Per a Safari: https:\/\/support.apple.com\/kb\/ph19214?viewlocale=es_es&amp;locale=es_es<br>(iv) Per a Google Chrome: https:\/\/support.google.com\/chrome\/bin\/answer.py?hl=es&amp;answer=95647<\/p>\n\n\n\n<p>Existeixen eines de tercers, disponibles en l\u00ednia, que permeten als usuaris detectar les cookies en cada lloc web que visita i gestionar la seva desactivaci\u00f3. Els navegadors web s\u00f3n les eines encarregades d\u2019emmagatzemar les cookies i des d\u2019aquest lloc l\u2019usuari pot exercitar el seu dret a eliminaci\u00f3 o desactivaci\u00f3 d\u2019aquestes. Ni aquesta web ni els seus representants legals poden garantir la correcta o incorrecta manipulaci\u00f3 de les cookies per part dels esmentats navegadors. Informem que si no desitja que els llocs web posin cap cookie en l\u2019equip, podent adaptar la configuraci\u00f3 del navegador de manera que es notifiqui abans que es col\u00b7loqui cap cookie. D\u2019igual manera, pot adaptar la configuraci\u00f3 de manera que el navegador rebutgi totes les cookies, o \u00fanicament les cookies de tercers. En cas de trobar amb aquesta mena de cookies en aquest lloc web i no estiguin enumerades en la llista inicial, preguem que ens hocomuniqui.<\/p>\n\n\n\n<p>L\u2019acceptaci\u00f3 de la present pol\u00edtica de cookies implica que com a usuari ha estat informat d\u2019una forma clara i completa sobre l\u2019\u00fas de dispositius d\u2019emmagatzematge i recuperaci\u00f3 de dades (cookies) aix\u00ed com que https:\/\/rvfilms.cat disposa del seu consentiment per a l\u2019\u00fas de les mateixes tal com estableix la normativa. En el cas que tingui algun dubte sobre la pol\u00edtica de cookies del lloc web, pot dirigir-se: info@rvfilms.cat<\/p>\n\n\n\n<p>En el sup\u00f2sit de voler con\u00e8ixer amb m\u00e9s detalls en qu\u00e8 consisteixen les cookies, en aquest link es pot accedir a la guia de cookies editada per l\u2019Ag\u00e8ncia Espanyola de Protecci\u00f3 de Dades.: https:\/\/www.aepd.es\/sites\/default\/files\/2020-07\/guia-cookies.pdf<\/p>\n","protected":false},"excerpt":{"rendered":"<p>De conformitat amb el que s\u2019estableix en la Llei 34\/2002 de Serveis de la Societat de la Informaci\u00f3, informem que el lloc web https:\/\/rvfilms.cat , utilitza cookies. Les cookies s\u00f3n petits arxius de text del lloc web que, com a usuari que ho visita, podrien emmagatzemar a l\u2019ordinador o dispositiu. A continuaci\u00f3 procedim a detallar [&hellip;]<\/p>\n","protected":false},"author":1,"featured_media":0,"parent":0,"menu_order":7,"comment_status":"closed","ping_status":"closed","template":"","meta":{"footnotes":""},"class_list":["post-876","page","type-page","status-publish","hentry"],"_links":{"self":[{"href":"https:\/\/rvfilms.cat\/en\/wp-json\/wp\/v2\/pages\/876","targetHints":{"allow":["GET"]}}],"collection":[{"href":"https:\/\/rvfilms.cat\/en\/wp-json\/wp\/v2\/pages"}],"about":[{"href":"https:\/\/rvfilms.cat\/en\/wp-json\/wp\/v2\/types\/page"}],"author":[{"embeddable":true,"href":"https:\/\/rvfilms.cat\/en\/wp-json\/wp\/v2\/users\/1"}],"replies":[{"embeddable":true,"href":"https:\/\/rvfilms.cat\/en\/wp-json\/wp\/v2\/comments?post=876"}],"version-history":[{"count":0,"href":"https:\/\/rvfilms.cat\/en\/wp-json\/wp\/v2\/pages\/876\/revisions"}],"wp:attachment":[{"href":"https:\/\/rvfilms.cat\/en\/wp-json\/wp\/v2\/media?parent=876"}],"curies":[{"name":"wp","href":"https:\/\/api.w.org\/{rel}","templated":true}]}}