{"id":879,"date":"2024-10-22T19:44:51","date_gmt":"2024-10-22T17:44:51","guid":{"rendered":"https:\/\/rvfilms.cat\/politica-de-privacitat\/"},"modified":"2025-05-21T08:53:56","modified_gmt":"2025-05-21T06:53:56","slug":"politica-de-privacitat","status":"publish","type":"page","link":"https:\/\/rvfilms.cat\/es\/politica-de-privacitat\/","title":{"rendered":"Pol\u00edtica de Privacidad"},"content":{"rendered":"\n<p>Responsable de les Dades Personals<br \/>Responsable: WE ARE RV FILMS SL<br \/>Nom comercial: RV FILMS<br \/>CIF: B66891680<br \/>Adre\u00e7a: Carrer Violantd\u2019Hongria Reina d\u2019Arag\u00f3, 95, 1\u00ba 3\u00aa, 08028-Barcelona, prov\u00edncia de Barcelona, Espanya<br \/>Correu electr\u00f2nic: info@rvfilms.cat<br \/>Lloc web: https:\/\/rvfilms.cat<\/p>\n\n<p>Informem que la web https:\/\/rvfilms.cat de la qual \u00e9s titular We are RV Films, SL (d\u2019ara endavant, \u201cel portal o lloc web\u201d), compleix amb les directrius de la normativa vigent en mat\u00e8ria de protecci\u00f3 de dades personals, el Reglament (UE) 2016\/679 de 27 d\u2019abril de 2016 (RGPD) aix\u00ed com la Llei 3\/2018, de 5 de Desembre de Protecci\u00f3 de Dades Personals i garantia dels drets digitals, normativa en mat\u00e8ria de protecci\u00f3 de les persones f\u00edsiques quant al tractament de dades personals i a la lliure circulaci\u00f3 d\u2019aquestes dades.<\/p>\n\n<p>Quins s\u00f3n els principis per al tractament?<br \/>En el tractament de les dades personals aplicarem els seg\u00fcents principis que s\u2019ajusten a les exig\u00e8ncies de la normativa en mat\u00e8ria de Protecci\u00f3 de Dades personals:<br \/>(i) Principi de licitud, lleialtat i transpar\u00e8ncia: requerirem el consentiment per al tractament de les teves dades personals per a un o diverses finalitats espec\u00edfiques dels quals informarem pr\u00e8viament amb absoluta transpar\u00e8ncia.<br \/>(ii) Principi de minimitzaci\u00f3 de dades: sol\u00b7licitarem \u00fanicament les dades estrictament necess\u00e0ries en relaci\u00f3 amb les finalitats per als quals s\u00f3n necessaris.<\/p>\n\n<p>(iii) Principi de limitaci\u00f3 del termini de conservaci\u00f3: les dades seran mantingudes durant no m\u00e9s temps del necessari per a les finalitats del tractament, en funci\u00f3 a la finalitat, informarem del termini de conservaci\u00f3 corresponent<br \/>(iv) Principi d\u2019integritat i confidencialitat: les dades seran tractades de tal manera que es garanteixi una seguretat adequada de les dades personals i es garanteixi confidencialitat. S\u00f3n preses totes les mesures possibles per a evitar l\u2019acc\u00e9s no autoritzat o \u00fas indegut de les dades dels usuaris per part de tercers.<\/p>\n\n<p>Exactitud i autenticitat de les dades. Finalitat de les dades i legitimaci\u00f3. L\u2019Usuari \u00e9s l\u2019\u00fanic responsable de la veracitat i correcci\u00f3 de les dades que ens remet directament o mitjan\u00e7ant el lloc web, exonerant-nos de qualsevol responsabilitat sobre aquests. Com a usuari, ha de garantir l\u2019exactitud i autenticitat de les dades personals facilitades havent d\u2019aportar la informaci\u00f3 completa i correcta en els diferents formularis<br \/>de captaci\u00f3 de dades d\u2019aquest lloc web. A aquest efecte, informem que les dades que ens facilita ho fa d\u2019una forma volunt\u00e0ria i est\u00e0s facilitant que siguin incorporats als nostres sistemes d\u2019informaci\u00f3 amb la finalitat d\u2019 enviar informaci\u00f3 sobre la consulta realitzada (nom, cognoms i correu electr\u00f2nic) i obtenint la legitimaci\u00f3 corresponent mitjan\u00e7ant la relaci\u00f3 precontractual o contractual de les parts. En cas de procedir a la compra, es sol\u00b7licitaran dades identificatives, de contacte i de facturaci\u00f3, obtenint la legitimaci\u00f3 mitjan\u00e7ant la relaci\u00f3 contractual entre les parts. Aix\u00ed mateix, tamb\u00e9 recopilem dades a trav\u00e9s de les\u00a0<a href=\"https:\/\/rvfilms.cat\/politica-cookies\">cookies<\/a><\/p>\n\n<p>Amb quina finalitat tractem les seves dades personals?<br \/>Rv Films, SL tracta les dades personals amb car\u00e0cter general per gestionar la relaci\u00f3 que mantenim amb vost\u00e8 amb les seg\u00fcents finalitats:<\/p>\n\n<ul class=\"wp-block-list\">\n<li>Gesti\u00f3 dels serveis.<\/li>\n\n<li>Canalitzar les sol\u00b7licituds d\u2019informaci\u00f3, suggeriments i reclamacions que ens<br \/>pugui fer arribar<\/li>\n\n<li>Gesti\u00f3 de la relaci\u00f3 comercial mantinguda amb els nostres prove\u00efdors<\/li>\n<\/ul>\n\n<p>Consentiment<br \/>Mitjan\u00e7ant la introducci\u00f3 de les dades, com a Usuari atorga el consentiment expr\u00e9s i inequ\u00edvoc, declarant haver estat informat de les condicions sobre protecci\u00f3 de dades de car\u00e0cter personal, acceptant i consentint el tractament automatitzat d\u2019aquests, perqu\u00e8 procedim al tractament de les dades facilitades en pro de les finalitats esmentades. Tamb\u00e9 implica el consentiment a la transfer\u00e8ncia internacional de dades,<br \/>degut exclusivament al fet que algun dels prove\u00efdors o tercers que proveeixen serveis necessaris per al desenvolupament d\u2019aquesta web es troben situats en altres pa\u00efsos. El no facilitar les dades personals sol\u00b7licitades o el no acceptar la present pol\u00edtica de protecci\u00f3 de dades suposa la impossibilitat de subscriure\u2019s, registrar-se o rebre informaci\u00f3.<\/p>\n\n<p>Es fa expr\u00e9s esment als menors de 14 anys, en relaci\u00f3 al tractament de les seves dades personals. Els esmentats menors no podran accedir al present lloc web sense el consentiment dels seus pares o tutors.<\/p>\n\n<p>Xarxes socials<br \/>El tractament de les dades que es dugui a terme de les persones que es facin seguidores en les xarxes socials de les p\u00e0gines oficials de https:\/\/rvfilms.cat es regir\u00e0 per aquest apartat. Aix\u00ed com per aquelles condicions d\u2019\u00fas, pol\u00edtiques de privacitat i normatives d\u2019acc\u00e9s que pertanyin a la xarxa social que procedeixi en cada cas i hagin estat acceptades pr\u00e8viament per l\u2019usuari. En aquest cas tractarem les dades amb les<br \/>finalitats d\u2019administrar correctament la nostra pres\u00e8ncia en la xarxa social, informant d\u2019activitats, productes o serveis de https:\/\/rvfilms.cat . Aix\u00ed com per a qualsevol altra finalitat que les normatives de les xarxes socials permetin. En cap cas utilitzarem els perfils de seguidors en xarxes socials per a enviar publicitat de manera individual.<\/p>\n\n<p>Per quant temps conservarem les seves dades?<br \/>Les dades personals proporcionades es conservaran mentre duri la relaci\u00f3 contractual. Aix\u00ed mateix, una vegada finalitzada la relaci\u00f3, les dades es mantindran durant els terminis legalment exigits. Les dades es conservaran un m\u00ednim de 5 anys. Les dades de contacte sense consentiment a subscripci\u00f3 es conservaran durant 6 mesos.<\/p>\n\n<p>A quins destinataris es comunicaran les seves dades?<br \/>Les dades no seran cedides a tercers excepte en els casos en qu\u00e8 existeixi una obligaci\u00f3 legal. En tot cas, en el cas de ser cedits a algun tercer es produiria una informaci\u00f3 pr\u00e8via sol\u00b7licitant el consentiment expr\u00e9s per a tal cessi\u00f3. Les entitats que intervinguin en qualsevol fase del tractament estan obligades a observar el secret professional i a l\u2019adopci\u00f3 dels nivells de protecci\u00f3 i les mesures t\u00e8cniques i organitzatives necess\u00e0ries al seu abast per a garantir la seguretat de les dades de car\u00e0cter personal.<\/p>\n\n<p>Com a encarregats de tractament en el servei web, tenim, entre altres, contractats els seg\u00fcents prove\u00efdors de serveis, que s\u2019han comprom\u00e8s al compliment de les disposicions normatives d\u2019aplicaci\u00f3 en mat\u00e8ria de protecci\u00f3 de dades, en el moment de la seva contractaci\u00f3:<\/p>\n\n<p>\uf0b7 Banahosting.com con domicilio en 2220 Old Brick RD Apt 2221 Glen Allen VA23060 Virginia, que proporciona los servicios de gesti\u00f3n de hosting. Se puede consultar la pol\u00edtica de privacidad y dem\u00e1s aspectos legales de dicha compa\u00f1\u00eda en el siguiente enlace: https:\/\/www.banahosting.com\/es\/politicas-<br \/>privacidad.shtml<\/p>\n\n<p>\uf0b7 Google LLC, amb domicili a 1600 Amphitheatre Parkway, 94043, Mountain View (California), Estats Units, que presta els serveis consistents en serveis de medici\u00f3, enquestes i serveis de correu. Han adoptat cl\u00e0usules tipus de processament de dades aprovades per la Comissi\u00f3 Europea que poden ser consultades aqu\u00ed: https:\/\/cloud.google.com\/security\/gdpr\/resource-center. Pol\u00edtica de privacitat i aspectes legals aqu\u00ed: enlace: https:\/\/www.google.com\/intl\/es\/policies\/privacy\/<\/p>\n\n<p>Transfer\u00e8ncies internacionals de dades<br \/>Hem acordat amb els nostres prove\u00efdors, no fer \u00fas de servidors fora de l\u2019EEE per la prestaci\u00f3 del servei contracta, i, en cas de fer-ho, s\u2019adoptaran totes les mesures adequades, que seran incorporades a la pol\u00edtica de privacitat, per tal de garantir que existeixen garanties adequades.<\/p>\n\n<p>Quins s\u00f3n els seus drets quan ens facilita les seves dades?<\/p>\n\n<p>La normativa en mat\u00e8ria de protecci\u00f3 de dades permet que pugui exercir els seus drets d\u2019acc\u00e9s, rectificaci\u00f3, supressi\u00f3 i portabilitat de dades i oposici\u00f3 i limitaci\u00f3 al seu tractament, aix\u00ed com a no ser objecte de decisions basades \u00fanicament en el tractament automatitzat de les seves dades, quan escaigui.<br \/>Aquests drets es caracteritzen pel seg\u00fcent:<\/p>\n\n<ul class=\"wp-block-list\">\n<li>El seu exercici \u00e9s gratu\u00eft, tret que es tracti de sol\u00b7licituds manifestament infundades o excessives (p. ex., car\u00e0cter repetitiu), i en aquest cas Rv Films podr\u00e0 cobrar un c\u00e0non proporcional als costos administratius suportats o negar-se a actuar<\/li>\n\n<li>Pot exercir els drets directament o per mitj\u00e0 de representant legal o voluntari<\/li>\n\n<li>Hem de respondre a la seva sol\u00b7licitud en el termini d\u2019un mes, encara que, si es t\u00e9 en compte la complexitat i nombre de sol\u00b7licituds, es pot prorrogar el termini en altres dos mesos m\u00e9s.<\/li>\n\n<li>Tenim l\u2019obligaci\u00f3 d\u2019informar-lo sobre els mitjans per a exercitar aquests drets, els quals han de ser accessibles i sense poder denegar l\u2019exercici del dret pel sol motiu d\u2019optar per un altre mitj\u00e0. Si la sol\u00b7licitud es presenta per mitjans electr\u00f2nics, la informaci\u00f3 es facilitar\u00e0 per aquests mitjans quan sigui possible, tret que ens sol\u00b7liciti que sigui d\u2019una altra manera.<\/li>\n\n<li>Si no donem curs a la sol\u00b7licitud, se l\u2019informar\u00e0, a tot tardar en un mes, de les raons de la seva no actuaci\u00f3 i la possibilitat de reclamar davant una Autoritat de Control A fi de facilitar el seu exercici, li facilitem els enlla\u00e7os al formulari de sol\u00b7licitud de cadascun dels drets:<br \/><a href=\"https:\/\/www.aepd.es\/sites\/default\/files\/2019-09\/formulario-derecho-de-acceso.pdf\" target=\"_blank\" rel=\"noopener\">Formulario ejercicio del derecho de acceso<br \/><\/a><a href=\"https:\/\/www.aepd.es\/sites\/default\/files\/2019-09\/formulario-derecho-de-rectificacion.pdf\" target=\"_blank\" rel=\"noopener\">Formulario de ejercicio del derecho de rectificaci\u00f3n<br \/><\/a><a href=\"https:\/\/www.aepd.es\/sites\/default\/files\/2019-09\/formulario-derecho-de-oposicion.pdf\" target=\"_blank\" rel=\"noopener\">Formulario de ejercicio del derecho de oposici\u00f3n<br \/><\/a><a href=\"https:\/\/www.aepd.es\/sites\/default\/files\/2019-09\/formulario-derecho-de-supresion.pdf\" target=\"_blank\" rel=\"noopener\">Formulario de ejercicio del derecho de supresi\u00f3n (derecho \u201cal olvido\u201d)<br \/><\/a><a href=\"https:\/\/www.aepd.es\/sites\/default\/files\/2019-09\/formulario-derecho-de-limitacion.pdf\" target=\"_blank\" rel=\"noopener\">Formulario de ejercicio del derecho a la limitaci\u00f3n del tratamiento<br \/><\/a><a href=\"https:\/\/www.aepd.es\/sites\/default\/files\/2019-09\/formulario-derecho-de-portabilidad.pdf\" target=\"_blank\" rel=\"noopener\">Formulario de ejercicios del derecho a la portabilidad<br \/><\/a><a href=\"https:\/\/www.aepd.es\/sites\/default\/files\/2019-09\/formulario-derecho-de-oposicion-decisiones-automatizadas.pdf\" target=\"_blank\" rel=\"noopener\">Formulario de ejercicio a no ser objeto de decisiones individuales<br \/>automatizadas<\/a><\/li>\n<\/ul>\n\n<p>Per a exercir els seus drets posem a la seva disposici\u00f3 els seg\u00fcents mitjans:<\/p>\n\n<ol class=\"wp-block-list\">\n<li>Mitjan\u00e7ant sol\u00b7licitud escrita i signada dirigida a WE ARE RV FILMS, SL, Carrer Violant d\u2019Hongria Reina d\u2019Arag\u00f3, 95, 1\u00ba 3\u00aa, 08028-Barcelona, provincia de Barcelona, Espanya Ref. Exercici de Drets LOPD.<\/li>\n\n<li>Enviant formulari escanejat i signat a l\u2019adre\u00e7a de correu electr\u00f2nic info@rvfilms.cat indicant en l\u2019assumpte Exercici de Drets LOPD. En tots dos casos, haur\u00e0 d\u2019acreditar la seva identitat acompanyant fotoc\u00f2pia o si escau, c\u00f2pia escanejada, del seu DNI o document equivalent per a poder verificar que nom\u00e9s donem resposta a l\u2019interessat o el seu representant legal, havent d\u2019aportar en aquest cas documento acreditatiu de la representaci\u00f3.<\/li>\n<\/ol>\n\n<p>Aix\u00ed mateix, i especialment si considera que no ha obtingut satisfacci\u00f3 plena en l\u2019exercici dels seus drets, l\u2019informem que podr\u00e0 presentar una reclamaci\u00f3 davant l\u2019autoritat nacional de control dirigint-se a aquest efecte a l\u2019Ag\u00e8ncia Espanyola de Protecci\u00f3 de Dades, C\/ Jorge Juan, 6 \u2013 28001 Madrid.<\/p>\n\n<p>\u00bfCom protegim la seva informaci\u00f3?<br \/>Utilitzem mesures, controls i procediments de car\u00e0cter f\u00edsic, organitzatiu i tecnol\u00f2gic, raonablement fiables i efectius, orientats a preservar la integritat i la seguretat de les dades i garantir la seva privacitat, especialment refor\u00e7ades pel tipus de dades personals que tractem. Tot el personal amb acc\u00e9s a dades personals ha estat format i te coneixement de les seves obligacions amb relaci\u00f3 als tractaments de les seves dades personals. Aix\u00ed mateix, als contractes que subscrivim amb els nostres prove\u00efdors fem incloure cl\u00e0usules on se\u2019ls hi exigeix mantenir el deure de secret respecte a les dades de car\u00e0cter personal a les quals hagi tingut acc\u00e9s, aix\u00ed com la obligaci\u00f3 d\u2019implementar les mesures de seguretat t\u00e8cniques i organitzatives necess\u00e0ries per garantir la confidencialitat, integritat, disponibilitat i resili\u00e8ncia permanents dels sistemes i serveis de tractament de les dades personals. Totes les mesures s\u00f3n revisades de forma peri\u00f2dica per garantir la seva adequaci\u00f3 i efectivitat. No obstant, no es pot garantir la seguretat absoluta i no existeix cap sistema de seguretat que sigui impenetrable; per aix\u00f2, en cas que la informaci\u00f3 objecte del tractament es vei\u00e9s compromesa, durem a terme les mesures adequades per investigar l\u2019incident, notificar-ho a l\u2019Autoritat de Control i, en el seu cas, a aquells usuaris que es poguessin veure afectats per tal que prenguin les mesures pertinents. https:\/\/rvfilms.cat es reserva el dret a modificar la present pol\u00edtica per a adaptar-la a novetats legislatives o jurisprudencials.<br \/>Per a qualsevol aspecte relacionat amb aquesta pol\u00edtica de privacitat, pot posar-se en contacte amb https:\/\/rvfilms.cat en l\u2019adre\u00e7a de correu electr\u00f2nic: info@rvfilms.cat<\/p>\n","protected":false},"excerpt":{"rendered":"<p>Responsable de les Dades PersonalsResponsable: WE ARE RV FILMS SLNom comercial: RV FILMSCIF: B66891680Adre\u00e7a: Carrer Violantd\u2019Hongria Reina d\u2019Arag\u00f3, 95, 1\u00ba 3\u00aa, 08028-Barcelona, prov\u00edncia de Barcelona, EspanyaCorreu electr\u00f2nic: info@rvfilms.catLloc web: https:\/\/rvfilms.cat Informem que la web https:\/\/rvfilms.cat de la qual \u00e9s titular We are RV Films, SL (d\u2019ara endavant, \u201cel portal o lloc web\u201d), compleix amb les [&hellip;]<\/p>\n","protected":false},"author":1,"featured_media":0,"parent":0,"menu_order":10,"comment_status":"closed","ping_status":"closed","template":"","meta":{"footnotes":""},"class_list":["post-879","page","type-page","status-publish","hentry"],"_links":{"self":[{"href":"https:\/\/rvfilms.cat\/es\/wp-json\/wp\/v2\/pages\/879","targetHints":{"allow":["GET"]}}],"collection":[{"href":"https:\/\/rvfilms.cat\/es\/wp-json\/wp\/v2\/pages"}],"about":[{"href":"https:\/\/rvfilms.cat\/es\/wp-json\/wp\/v2\/types\/page"}],"author":[{"embeddable":true,"href":"https:\/\/rvfilms.cat\/es\/wp-json\/wp\/v2\/users\/1"}],"replies":[{"embeddable":true,"href":"https:\/\/rvfilms.cat\/es\/wp-json\/wp\/v2\/comments?post=879"}],"version-history":[{"count":4,"href":"https:\/\/rvfilms.cat\/es\/wp-json\/wp\/v2\/pages\/879\/revisions"}],"predecessor-version":[{"id":1985,"href":"https:\/\/rvfilms.cat\/es\/wp-json\/wp\/v2\/pages\/879\/revisions\/1985"}],"wp:attachment":[{"href":"https:\/\/rvfilms.cat\/es\/wp-json\/wp\/v2\/media?parent=879"}],"curies":[{"name":"wp","href":"https:\/\/api.w.org\/{rel}","templated":true}]}}