{"id":881,"date":"2024-10-22T19:44:12","date_gmt":"2024-10-22T17:44:12","guid":{"rendered":"https:\/\/rvfilms.cat\/avis-legal\/"},"modified":"2025-05-21T08:54:02","modified_gmt":"2025-05-21T06:54:02","slug":"avis-legal","status":"publish","type":"page","link":"https:\/\/rvfilms.cat\/es\/avis-legal\/","title":{"rendered":"Aviso legal"},"content":{"rendered":"\n<ol class=\"wp-block-list\">\n<li>DADES IDENTIFICATIVES:<br \/>Responsable: WE ARE RV FILMS SL<br \/>Nom comercial: RV FILMS<br \/>CIF: B66891680<br \/>Dades Registrals: Registre mercantil de Barcelona, T 45685 , F 214, S 8, H B 495819, I\/A 1 (21\/12\/2016)<br \/>Adre\u00e7a: Carrer Violantd\u2019Hongria Reina d\u2019Arag\u00f3, 95, 1\u00ba 3\u00aa, 08028-Barcelona, provincia de Barcelona, Espanya<br \/>Correu electr\u00f2nic: info@rvfilms.cat<br \/>Lloc web: https:\/\/rvfilms.cat (en adelante, \u201cel portal o sitio web\u201d)<\/li>\n\n<li>USUARIS: L\u2019\u00fas del present portal \u00e9s absolutament volunt\u00e0ria i suposa l\u2019acceptaci\u00f3 plena per qui accedeix a aquest, d\u2019ara endavant \u201cUsuari\u201d, de totes les condicions d\u2019\u00fas vigents a cada moment que es trobin en la present direcci\u00f3. https:\/\/rvfilms.cat es reserva el dret a retirar l\u2019acc\u00e9s a la present p\u00e0gina web, sense necessitat de previ av\u00eds, a qualsevol Usuari que contravingui el que es disposa en aquestes condicions d\u2019\u00fas. L\u2019Usuari tindr\u00e0 la responsabilitat de llegir atentament les presents condicions. Les citades condicions seran aplicable independentment de les condicions generals de contractaci\u00f3 que si escau resultin d\u2019obligat compliment.<\/li>\n\n<li>\u00daS DEL PORTAL: https:\/\/rvfilms.cat proporciona l\u2019acc\u00e9s a multitud d\u2019informacions, serveis, programes o dades (d\u2019ara endavant, \u201cels continguts\u201d) a Internet pertanyents a Rv Films. L\u2019Usuari assumeix la responsabilitat de l\u2019\u00fas del portal. L\u2019Usuari es compromet a fer un \u00fas adequat dels continguts i serveis amb car\u00e0cter enunciatiu per\u00f2 no limitatiu, a no emprar-los per a (i) inc\u00f3rrer en activitats il\u00b7l\u00edcites, il\u00b7legals o contr\u00e0ries a la bona fe i a l\u2019ordre p\u00fablic; (ii) difondre continguts o propaganda de car\u00e0cter racista, xen\u00f2fob, pornogr\u00e0fic-il\u00b7legal, d\u2019apologia del terrorisme o atemptatori contra els drets humans; (iii) intentar accedir i, en el seu cas, utilitzar els comptes de correu electr\u00f2nic d\u2019altres usuaris i modificar-ho manipular els seus missatges.<\/li>\n\n<li>POL\u00cdTICA DE PRIVACITAT: informem que https:\/\/rvfilms.cat compleix amb les directrius de la normativa vigent en mat\u00e8ria de protecci\u00f3 de dades personals, el Reglament (UE) 2016\/679 de 27 d\u2019abril de 2016 (RGPD), aix\u00ed com la LOPD, relatives a la protecci\u00f3 de les persones f\u00edsiques quant al tractament de dades personals i a la lliure circulaci\u00f3 d\u2019aquestes dades. Per a m\u00e9s informaci\u00f3, veure\u00a0<a href=\"https:\/\/rvfilms.cat\/politica-privacidad\">Pol\u00edtica de Privacitat<\/a><\/li>\n\n<li>PROPIETAT INTEL\u00b7LECTUAL I INDUSTRIAL: Els continguts del lloc web, inclou entre altres les imatges i els textos dels articles, qualsevol que sigui el seu format, s\u00f3n propietat de Rv Films, i estan protegits per les lleis i tractats internacionals en mat\u00e8ria de propietat intel\u00b7lectual. En aquest sentit, queda expressament prohibit copiar, reproduir, vendre, transmetre, distribuir, republicar, modificar o mostrar per al seu \u00fas comercial sense el seu previ consentiment. L\u2019Usuari es compromet a respectar els drets de Propietat Intel\u00b7lectual i Industrial titularitat de Rv Films. Com a Usuari pot visualitzar els elements del portal i fins i tot imprimir-los, copiar-los i emmagatzemar-los en el disc dur de l\u2019ordinador o en qualsevol altre suport f\u00edsic sempre que sigui, \u00fanica i exclusivament, per a l\u2019\u00fas personal i privat.<\/li>\n\n<li>EXCLUSI\u00d3 DE GARANTIES I RESPONSABILITAT: https:\/\/rvfilms.cat no es fa responsable, en cap cas, dels danys i perjudicis de qualsevol naturalesa que poguessin ocasionar, a t\u00edtol enunciatiu: errors o omissions en els continguts, falta de disponibilitat del portal o la transmissi\u00f3 de virus o programes maliciosos o lesius en els continguts, malgrat haver adoptat totes les mesures tecnol\u00f2giques necess\u00e0ries per a evitar-ho. Els continguts d\u2019aquest lloc web s\u2019ofereixen amb una finalitat informativa i divulgativa. https:\/\/rvfilms.cat s\u2019eximeix de qualsevol responsabilitat, directa o indirecta, que pogu\u00e9s derivar-se de l\u2019\u00fas o aplicaci\u00f3 de la informaci\u00f3 d\u2019aquesta web.<\/li>\n\n<li>COOKIES: El lloc web https:\/\/rvfilms.cat utilitza cookies (petits arxius d\u2019informaci\u00f3 que el servidor envia a l\u2019ordinador de qui accedeix en la p\u00e0gina) per a dur a terme determinades funcions que s\u00f3n considerades imprescindibles per al correcte funcionament i visualitzaci\u00f3 del lloc. Per a m\u00e9s informaci\u00f3, veure\u00a0<a href=\"https:\/\/rvfilms.cat\/politica-cookies\">Pol\u00edtica de Cookies<\/a>.<\/li>\n\n<li>MODIFICACIONS: Rv Films es reserva el dret d\u2019efectuar sense previ av\u00eds les modificacions que consideri oportunes en el seu portal.<\/li>\n\n<li>ENLLA\u00c7OS: En cap cas Rv Films assumir\u00e0 cap responsabilitat pels continguts de qualsevol enlla\u00e7 pertanyent a un lloc web ali\u00e8, ni garantir\u00e0 la disponibilitat t\u00e8cnica, qualitat, fiabilitat, exactitud, amplitud, veracitat, validesa i constitucionalitat de qualsevol material o informaci\u00f3 continguda en aquest lloc web.<\/li>\n\n<li>DRET D\u2019EXCLUSI\u00d3: Rv Films es reserva el dret a denegar o retirar l\u2019acc\u00e9s a portal i\/o els serveis oferts sense necessitat de preav\u00eds, a inst\u00e0ncia pr\u00f2pia o d\u2019un tercer, a aquells Usuaris que incompleixin el present Av\u00eds Legal.<\/li>\n\n<li>GENERALITATS: https:\/\/rvfilms.cat perseguir\u00e0 l\u2019incompliment del present Av\u00eds Legal aix\u00ed com qualsevol utilitzaci\u00f3 indeguda del seu portal exercint totes les accions civils i penals que li puguin correspondre en dret.<\/li>\n\n<li>MODIFICACI\u00d3 DE LES PRESENTS CONDICIONS I DURADA: https:\/\/rvfilms.cat podr\u00e0 modificar en qualsevol moment les condicions aqu\u00ed determinades, que seran degudament publicades com aqu\u00ed apareixen. La vig\u00e8ncia de les citades condicions anir\u00e0 en funci\u00f3 de la seva exposici\u00f3 i estaran vigents fins que siguin modificades per unes altres degudament publicades.<\/li>\n\n<li>LEGISLACI\u00d3 APLICABLE I JURISDICCI\u00d3: La relaci\u00f3 https:\/\/rvfilms.cat i l\u2019Usuari es regir\u00e0 per la normativa espanyola vigent i qualsevol controv\u00e8rsia se sotmetr\u00e0 als Jutjats i Tribunals de la ciutat de Barcelona.<\/li>\n<\/ol>\n","protected":false},"excerpt":{"rendered":"","protected":false},"author":1,"featured_media":0,"parent":0,"menu_order":12,"comment_status":"closed","ping_status":"closed","template":"","meta":{"footnotes":""},"class_list":["post-881","page","type-page","status-publish","hentry"],"_links":{"self":[{"href":"https:\/\/rvfilms.cat\/es\/wp-json\/wp\/v2\/pages\/881","targetHints":{"allow":["GET"]}}],"collection":[{"href":"https:\/\/rvfilms.cat\/es\/wp-json\/wp\/v2\/pages"}],"about":[{"href":"https:\/\/rvfilms.cat\/es\/wp-json\/wp\/v2\/types\/page"}],"author":[{"embeddable":true,"href":"https:\/\/rvfilms.cat\/es\/wp-json\/wp\/v2\/users\/1"}],"replies":[{"embeddable":true,"href":"https:\/\/rvfilms.cat\/es\/wp-json\/wp\/v2\/comments?post=881"}],"version-history":[{"count":4,"href":"https:\/\/rvfilms.cat\/es\/wp-json\/wp\/v2\/pages\/881\/revisions"}],"predecessor-version":[{"id":1988,"href":"https:\/\/rvfilms.cat\/es\/wp-json\/wp\/v2\/pages\/881\/revisions\/1988"}],"wp:attachment":[{"href":"https:\/\/rvfilms.cat\/es\/wp-json\/wp\/v2\/media?parent=881"}],"curies":[{"name":"wp","href":"https:\/\/api.w.org\/{rel}","templated":true}]}}